
{"id":129,"date":"2021-11-23T17:00:25","date_gmt":"2021-11-23T16:00:25","guid":{"rendered":"https:\/\/www.meiso.fr\/?page_id=129"},"modified":"2024-06-18T13:15:31","modified_gmt":"2024-06-18T11:15:31","slug":"packs-et-abonnement","status":"publish","type":"page","link":"https:\/\/www.meiso.fr\/en\/packs-and-subscriptions\/","title":{"rendered":"Buy &amp; Subscribe"},"content":{"rendered":"","protected":false},"excerpt":{"rendered":"","protected":false},"author":1,"featured_media":0,"parent":0,"menu_order":0,"comment_status":"closed","ping_status":"closed","template":"template-parts\/template-pack-abonnement.php","meta":[],"acf":[],"yoast_head":"<!-- This site is optimized with the Yoast SEO Premium plugin v19.5 (Yoast SEO v19.10) - https:\/\/yoast.com\/wordpress\/plugins\/seo\/ -->\n<title>R\u00e9servation - Acheter et s&#039;Abonner | ( me\u00efs\u014d )<\/title>\n<meta name=\"description\" content=\"Offrez des flottaisons et profitez des abonnements, des packs de s\u00e9ances \u00e0 prix r\u00e9duit. D\u00e9couvrez aussi nos offres compl\u00e9mentaires.\" \/>\n<meta name=\"robots\" content=\"index, follow, max-snippet:-1, max-image-preview:large, max-video-preview:-1\" \/>\n<link rel=\"canonical\" href=\"https:\/\/www.meiso.fr\/en\/packs-and-subscriptions\/\" \/>\n<meta property=\"og:locale\" content=\"en_US\" \/>\n<meta property=\"og:type\" content=\"article\" \/>\n<meta property=\"og:title\" content=\"Acheter et s&#039;Abonner\" \/>\n<meta property=\"og:description\" content=\"Offrez des flottaisons et profitez des abonnements, des packs de s\u00e9ances \u00e0 prix r\u00e9duit. D\u00e9couvrez aussi nos offres compl\u00e9mentaires.\" \/>\n<meta property=\"og:url\" content=\"https:\/\/www.meiso.fr\/en\/packs-and-subscriptions\/\" \/>\n<meta property=\"og:site_name\" content=\"( me\u00efs\u014d )\" \/>\n<meta property=\"article:publisher\" content=\"https:\/\/www.facebook.com\/EspaceMeiso\" \/>\n<meta property=\"article:modified_time\" content=\"2024-06-18T11:15:31+00:00\" \/>\n<meta name=\"twitter:card\" content=\"summary_large_image\" \/>\n<meta name=\"twitter:site\" content=\"@espacemeiso\" \/>\n<script type=\"application\/ld+json\" class=\"yoast-schema-graph\">{\"@context\":\"https:\/\/schema.org\",\"@graph\":[{\"@type\":\"WebPage\",\"@id\":\"https:\/\/www.meiso.fr\/packs-et-abonnement\/\",\"url\":\"https:\/\/www.meiso.fr\/packs-et-abonnement\/\",\"name\":\"R\u00e9servation - Acheter et s'Abonner | ( me\u00efs\u014d )\",\"isPartOf\":{\"@id\":\"https:\/\/www.meiso.fr\/#website\"},\"datePublished\":\"2021-11-23T16:00:25+00:00\",\"dateModified\":\"2024-06-18T11:15:31+00:00\",\"description\":\"Offrez des flottaisons et profitez des abonnements, des packs de s\u00e9ances \u00e0 prix r\u00e9duit. D\u00e9couvrez aussi nos offres compl\u00e9mentaires.\",\"breadcrumb\":{\"@id\":\"https:\/\/www.meiso.fr\/packs-et-abonnement\/#breadcrumb\"},\"inLanguage\":\"en-US\",\"potentialAction\":[{\"@type\":\"ReadAction\",\"target\":[\"https:\/\/www.meiso.fr\/packs-et-abonnement\/\"]}]},{\"@type\":\"BreadcrumbList\",\"@id\":\"https:\/\/www.meiso.fr\/packs-et-abonnement\/#breadcrumb\",\"itemListElement\":[{\"@type\":\"ListItem\",\"position\":1,\"name\":\"Home\",\"item\":\"https:\/\/www.meiso.fr\/\"},{\"@type\":\"ListItem\",\"position\":2,\"name\":\"Acheter et s&rsquo;Abonner\"}]},{\"@type\":\"WebSite\",\"@id\":\"https:\/\/www.meiso.fr\/#website\",\"url\":\"https:\/\/www.meiso.fr\/\",\"name\":\"( me\u00efs\u014d )\",\"description\":\"Le Centre de flottaison\",\"publisher\":{\"@id\":\"https:\/\/www.meiso.fr\/#organization\"},\"alternateName\":\"Le centre de flottaison\",\"potentialAction\":[{\"@type\":\"SearchAction\",\"target\":{\"@type\":\"EntryPoint\",\"urlTemplate\":\"https:\/\/www.meiso.fr\/?s={search_term_string}\"},\"query-input\":\"required name=search_term_string\"}],\"inLanguage\":\"en-US\"},{\"@type\":\"Organization\",\"@id\":\"https:\/\/www.meiso.fr\/#organization\",\"name\":\"( me\u00efs\u014d )\",\"alternateName\":\"Le centre de flottaison\",\"url\":\"https:\/\/www.meiso.fr\/\",\"logo\":{\"@type\":\"ImageObject\",\"inLanguage\":\"en-US\",\"@id\":\"https:\/\/www.meiso.fr\/#\/schema\/logo\/image\/\",\"url\":\"https:\/\/www.meiso.fr\/wp-content\/uploads\/2017\/09\/logo-meiso-pure-leger-Blue-FatFat.png\",\"contentUrl\":\"https:\/\/www.meiso.fr\/wp-content\/uploads\/2017\/09\/logo-meiso-pure-leger-Blue-FatFat.png\",\"width\":500,\"height\":254,\"caption\":\"( me\u00efs\u014d )\"},\"image\":{\"@id\":\"https:\/\/www.meiso.fr\/#\/schema\/logo\/image\/\"},\"sameAs\":[\"https:\/\/www.instagram.com\/meiso.paris\/\",\"https:\/\/www.instagram.com\/meiso.lyon\/\",\"https:\/\/www.youtube.com\/@EspaceMeiso\",\"https:\/\/www.facebook.com\/meiso.lyon\",\"https:\/\/www.facebook.com\/EspaceMeiso\",\"https:\/\/twitter.com\/espacemeiso\"]}]}<\/script>\n<!-- \/ Yoast SEO Premium plugin. -->","yoast_head_json":{"title":"R\u00e9servation - Acheter et s'Abonner | ( me\u00efs\u014d )","description":"Offrez des flottaisons et profitez des abonnements, des packs de s\u00e9ances \u00e0 prix r\u00e9duit. D\u00e9couvrez aussi nos offres compl\u00e9mentaires.","robots":{"index":"index","follow":"follow","max-snippet":"max-snippet:-1","max-image-preview":"max-image-preview:large","max-video-preview":"max-video-preview:-1"},"canonical":"https:\/\/www.meiso.fr\/en\/packs-and-subscriptions\/","og_locale":"en_US","og_type":"article","og_title":"Acheter et s'Abonner","og_description":"Offrez des flottaisons et profitez des abonnements, des packs de s\u00e9ances \u00e0 prix r\u00e9duit. D\u00e9couvrez aussi nos offres compl\u00e9mentaires.","og_url":"https:\/\/www.meiso.fr\/en\/packs-and-subscriptions\/","og_site_name":"( me\u00efs\u014d )","article_publisher":"https:\/\/www.facebook.com\/EspaceMeiso","article_modified_time":"2024-06-18T11:15:31+00:00","twitter_card":"summary_large_image","twitter_site":"@espacemeiso","schema":{"@context":"https:\/\/schema.org","@graph":[{"@type":"WebPage","@id":"https:\/\/www.meiso.fr\/packs-et-abonnement\/","url":"https:\/\/www.meiso.fr\/packs-et-abonnement\/","name":"R\u00e9servation - Acheter et s'Abonner | ( me\u00efs\u014d )","isPartOf":{"@id":"https:\/\/www.meiso.fr\/#website"},"datePublished":"2021-11-23T16:00:25+00:00","dateModified":"2024-06-18T11:15:31+00:00","description":"Offrez des flottaisons et profitez des abonnements, des packs de s\u00e9ances \u00e0 prix r\u00e9duit. D\u00e9couvrez aussi nos offres compl\u00e9mentaires.","breadcrumb":{"@id":"https:\/\/www.meiso.fr\/packs-et-abonnement\/#breadcrumb"},"inLanguage":"en-US","potentialAction":[{"@type":"ReadAction","target":["https:\/\/www.meiso.fr\/packs-et-abonnement\/"]}]},{"@type":"BreadcrumbList","@id":"https:\/\/www.meiso.fr\/packs-et-abonnement\/#breadcrumb","itemListElement":[{"@type":"ListItem","position":1,"name":"Home","item":"https:\/\/www.meiso.fr\/"},{"@type":"ListItem","position":2,"name":"Acheter et s&rsquo;Abonner"}]},{"@type":"WebSite","@id":"https:\/\/www.meiso.fr\/#website","url":"https:\/\/www.meiso.fr\/","name":"( me\u00efs\u014d )","description":"Le Centre de flottaison","publisher":{"@id":"https:\/\/www.meiso.fr\/#organization"},"alternateName":"Le centre de flottaison","potentialAction":[{"@type":"SearchAction","target":{"@type":"EntryPoint","urlTemplate":"https:\/\/www.meiso.fr\/?s={search_term_string}"},"query-input":"required name=search_term_string"}],"inLanguage":"en-US"},{"@type":"Organization","@id":"https:\/\/www.meiso.fr\/#organization","name":"( me\u00efs\u014d )","alternateName":"Le centre de flottaison","url":"https:\/\/www.meiso.fr\/","logo":{"@type":"ImageObject","inLanguage":"en-US","@id":"https:\/\/www.meiso.fr\/#\/schema\/logo\/image\/","url":"https:\/\/www.meiso.fr\/wp-content\/uploads\/2017\/09\/logo-meiso-pure-leger-Blue-FatFat.png","contentUrl":"https:\/\/www.meiso.fr\/wp-content\/uploads\/2017\/09\/logo-meiso-pure-leger-Blue-FatFat.png","width":500,"height":254,"caption":"( me\u00efs\u014d )"},"image":{"@id":"https:\/\/www.meiso.fr\/#\/schema\/logo\/image\/"},"sameAs":["https:\/\/www.instagram.com\/meiso.paris\/","https:\/\/www.instagram.com\/meiso.lyon\/","https:\/\/www.youtube.com\/@EspaceMeiso","https:\/\/www.facebook.com\/meiso.lyon","https:\/\/www.facebook.com\/EspaceMeiso","https:\/\/twitter.com\/espacemeiso"]}]}},"_links":{"self":[{"href":"https:\/\/www.meiso.fr\/en\/wp-json\/wp\/v2\/pages\/129"}],"collection":[{"href":"https:\/\/www.meiso.fr\/en\/wp-json\/wp\/v2\/pages"}],"about":[{"href":"https:\/\/www.meiso.fr\/en\/wp-json\/wp\/v2\/types\/page"}],"author":[{"embeddable":true,"href":"https:\/\/www.meiso.fr\/en\/wp-json\/wp\/v2\/users\/1"}],"replies":[{"embeddable":true,"href":"https:\/\/www.meiso.fr\/en\/wp-json\/wp\/v2\/comments?post=129"}],"version-history":[{"count":6,"href":"https:\/\/www.meiso.fr\/en\/wp-json\/wp\/v2\/pages\/129\/revisions"}],"predecessor-version":[{"id":305576,"href":"https:\/\/www.meiso.fr\/en\/wp-json\/wp\/v2\/pages\/129\/revisions\/305576"}],"wp:attachment":[{"href":"https:\/\/www.meiso.fr\/en\/wp-json\/wp\/v2\/media?parent=129"}],"curies":[{"name":"wp","href":"https:\/\/api.w.org\/{rel}","templated":true}]}}